{"id":2,"date":"2024-03-24T18:47:34","date_gmt":"2024-03-24T17:47:34","guid":{"rendered":"https:\/\/2024-09-16.schlossberg-regenstauf.com\/?page_id=2"},"modified":"2024-08-17T10:15:36","modified_gmt":"2024-08-17T08:15:36","slug":"beispiel-seite","status":"publish","type":"page","link":"https:\/\/2024-09-16.schlossberg-regenstauf.com\/?page_id=2","title":{"rendered":"Brauerei"},"content":{"rendered":"\n<p>Wir sind stolz auf unseren Lieferanten, die Brauerei Jacob aus Bodenw\u00f6hr!<\/p>\n\n\n\n<p><strong>Das wahrscheinlich beste Weissbier der Welt!<\/strong><\/p>\n\n\n\n<p>Bei der <a href=\"https:\/\/brauerei.brauerei-jacob.de\/\" data-type=\"link\" data-id=\"https:\/\/brauerei.brauerei-jacob.de\/\">Familienbrauerei Jacob<\/a> bilden die Mitarbeiterinnen und Mitarbeiter eine eingeschworene Mannschaft. Jeder steht f\u00fcr den anderen ein, und alle haben ein gemeinsames Ziel: <strong>Das wahrscheinlich beste Weissbier der Welt f\u00fcr gl\u00fcckliche Jacob-Freunde zu brauen.<\/strong><\/p>\n\n\n\n<figure class=\"wp-block-image size-large is-resized\"><img loading=\"lazy\" decoding=\"async\" width=\"768\" height=\"1024\" src=\"https:\/\/2024-09-16.schlossberg-regenstauf.com\/wp-content\/uploads\/2024\/08\/schlossberg_brauerei_jacob_24-768x1024.jpg\" alt=\"\" class=\"wp-image-138\" style=\"width:296px;height:auto\" srcset=\"https:\/\/2024-09-16.schlossberg-regenstauf.com\/wp-content\/uploads\/2024\/08\/schlossberg_brauerei_jacob_24-768x1024.jpg 768w, https:\/\/2024-09-16.schlossberg-regenstauf.com\/wp-content\/uploads\/2024\/08\/schlossberg_brauerei_jacob_24-225x300.jpg 225w, https:\/\/2024-09-16.schlossberg-regenstauf.com\/wp-content\/uploads\/2024\/08\/schlossberg_brauerei_jacob_24-1152x1536.jpg 1152w, https:\/\/2024-09-16.schlossberg-regenstauf.com\/wp-content\/uploads\/2024\/08\/schlossberg_brauerei_jacob_24-750x1000.jpg 750w, https:\/\/2024-09-16.schlossberg-regenstauf.com\/wp-content\/uploads\/2024\/08\/schlossberg_brauerei_jacob_24.jpg 1200w\" sizes=\"auto, (max-width: 768px) 100vw, 768px\" \/><\/figure>\n","protected":false},"excerpt":{"rendered":"<p>Wir sind stolz auf unseren Lieferanten, die Brauerei Jacob aus Bodenw\u00f6hr! Das wahrscheinlich beste Weissbier der Welt! Bei der Familienbrauerei Jacob bilden die Mitarbeiterinnen und Mitarbeiter eine eingeschworene Mannschaft. Jeder steht f\u00fcr den anderen ein, und alle haben ein gemeinsames Ziel: Das wahrscheinlich beste Weissbier der Welt f\u00fcr gl\u00fcckliche Jacob-Freunde [&hellip;]<\/p>\n","protected":false},"author":1,"featured_media":0,"parent":0,"menu_order":0,"comment_status":"closed","ping_status":"open","template":"","meta":{"footnotes":""},"class_list":["post-2","page","type-page","status-publish","hentry"],"_links":{"self":[{"href":"https:\/\/2024-09-16.schlossberg-regenstauf.com\/index.php?rest_route=\/wp\/v2\/pages\/2","targetHints":{"allow":["GET"]}}],"collection":[{"href":"https:\/\/2024-09-16.schlossberg-regenstauf.com\/index.php?rest_route=\/wp\/v2\/pages"}],"about":[{"href":"https:\/\/2024-09-16.schlossberg-regenstauf.com\/index.php?rest_route=\/wp\/v2\/types\/page"}],"author":[{"embeddable":true,"href":"https:\/\/2024-09-16.schlossberg-regenstauf.com\/index.php?rest_route=\/wp\/v2\/users\/1"}],"replies":[{"embeddable":true,"href":"https:\/\/2024-09-16.schlossberg-regenstauf.com\/index.php?rest_route=%2Fwp%2Fv2%2Fcomments&post=2"}],"version-history":[{"count":4,"href":"https:\/\/2024-09-16.schlossberg-regenstauf.com\/index.php?rest_route=\/wp\/v2\/pages\/2\/revisions"}],"predecessor-version":[{"id":152,"href":"https:\/\/2024-09-16.schlossberg-regenstauf.com\/index.php?rest_route=\/wp\/v2\/pages\/2\/revisions\/152"}],"wp:attachment":[{"href":"https:\/\/2024-09-16.schlossberg-regenstauf.com\/index.php?rest_route=%2Fwp%2Fv2%2Fmedia&parent=2"}],"curies":[{"name":"wp","href":"https:\/\/api.w.org\/{rel}","templated":true}]}}