{"id":8,"date":"2024-04-15T13:23:25","date_gmt":"2024-04-15T11:23:25","guid":{"rendered":"https:\/\/2024-09-16.schlossberg-regenstauf.com\/?page_id=8"},"modified":"2024-08-17T12:06:28","modified_gmt":"2024-08-17T10:06:28","slug":"unser-restaurant","status":"publish","type":"page","link":"https:\/\/2024-09-16.schlossberg-regenstauf.com\/?page_id=8","title":{"rendered":"Unser Restaurant"},"content":{"rendered":"\n<p>Idylisch gelegen am Schlo\u00dfberg in Regenstauf liegt unser lichtdurchflutetes Restaurant, dass \u00fcber 60 Sitzpl\u00e4tze verf\u00fcgt.<br>In unserer beheizten rustikalen im Landhausstil gestalteten H\u00fctte befinden sich weitere 50 Sitzpl\u00e4tze mit dem gewissen extra Charme.<br><br>Gerne k\u00f6nnen Sie bei gutem Wetter unter blauem Himmel auf unserer Sonnenterrasse Platz nehmen und den wunderbaren Ausblick \u00fcber Regenstauf und weit dar\u00fcber hinaus genie\u00dfen.<\/p>\n\n\n\n<div class=\"wp-block-jetpack-tiled-gallery aligncenter is-style-rectangular\"><div class=\"\"><div class=\"tiled-gallery__gallery\"><div class=\"tiled-gallery__row\"><div class=\"tiled-gallery__col\" style=\"flex-basis:27.32412%\"><figure class=\"tiled-gallery__item\"><img decoding=\"async\" alt=\"\" data-height=\"1440\" data-id=\"164\" data-link=\"https:\/\/2024-09-16.schlossberg-regenstauf.com\/?attachment_id=164\" data-url=\"https:\/\/2024-09-16.schlossberg-regenstauf.com\/wp-content\/uploads\/2024\/08\/schlossberg_deko_24-02-1024x768.jpg\" data-width=\"1920\" src=\"https:\/\/i0.wp.com\/schlossberg.xn--grafikbro-wiedenhofer-fic.de\/wp-content\/uploads\/2024\/08\/schlossberg_deko_24-02-1024x768.jpg?ssl=1\" data-amp-layout=\"responsive\" tabindex=\"0\" role=\"button\" aria-label=\"Bild\u00a01 von 4 im Vollbildmodus \u00f6ffnen\"\/><\/figure><\/div><div class=\"tiled-gallery__col\" style=\"flex-basis:11.59031%\"><figure class=\"tiled-gallery__item\"><img decoding=\"async\" alt=\"\" data-height=\"1600\" data-id=\"165\" data-link=\"https:\/\/2024-09-16.schlossberg-regenstauf.com\/?attachment_id=165\" data-url=\"https:\/\/2024-09-16.schlossberg-regenstauf.com\/wp-content\/uploads\/2024\/08\/schlossberg_deko_24-03-576x1024.jpg\" data-width=\"900\" src=\"https:\/\/i0.wp.com\/schlossberg.xn--grafikbro-wiedenhofer-fic.de\/wp-content\/uploads\/2024\/08\/schlossberg_deko_24-03-576x1024.jpg?ssl=1\" data-amp-layout=\"responsive\" tabindex=\"0\" role=\"button\" aria-label=\"Bild\u00a02 von 4 im Vollbildmodus \u00f6ffnen\"\/><\/figure><\/div><div class=\"tiled-gallery__col\" style=\"flex-basis:33.76145%\"><figure class=\"tiled-gallery__item\"><img decoding=\"async\" alt=\"\" data-height=\"427\" data-id=\"185\" data-link=\"https:\/\/2024-09-16.schlossberg-regenstauf.com\/?attachment_id=185\" data-url=\"https:\/\/2024-09-16.schlossberg-regenstauf.com\/wp-content\/uploads\/2024\/08\/schlossberg_2364_24.jpg\" data-width=\"704\" src=\"https:\/\/i1.wp.com\/schlossberg.xn--grafikbro-wiedenhofer-fic.de\/wp-content\/uploads\/2024\/08\/schlossberg_2364_24.jpg?ssl=1\" data-amp-layout=\"responsive\" tabindex=\"0\" role=\"button\" aria-label=\"Bild\u00a03 von 4 im Vollbildmodus \u00f6ffnen\"\/><\/figure><\/div><div class=\"tiled-gallery__col\" style=\"flex-basis:27.32412%\"><figure class=\"tiled-gallery__item\"><img decoding=\"async\" alt=\"\" data-height=\"1440\" data-id=\"186\" data-link=\"https:\/\/2024-09-16.schlossberg-regenstauf.com\/?attachment_id=186\" data-url=\"https:\/\/2024-09-16.schlossberg-regenstauf.com\/wp-content\/uploads\/2024\/08\/schlossberg_DJI_0494_24-1024x768.jpg\" data-width=\"1920\" src=\"https:\/\/i2.wp.com\/schlossberg.xn--grafikbro-wiedenhofer-fic.de\/wp-content\/uploads\/2024\/08\/schlossberg_DJI_0494_24-1024x768.jpg?ssl=1\" data-amp-layout=\"responsive\" tabindex=\"0\" role=\"button\" aria-label=\"Bild\u00a04 von 4 im Vollbildmodus \u00f6ffnen\"\/><\/figure><\/div><\/div><\/div><\/div><\/div>\n\n\n\n<p><\/p>\n\n\n\n<p><\/p>\n","protected":false},"excerpt":{"rendered":"<p>Idylisch gelegen am Schlo\u00dfberg in Regenstauf liegt unser lichtdurchflutetes Restaurant, dass \u00fcber 60 Sitzpl\u00e4tze verf\u00fcgt.In unserer beheizten rustikalen im Landhausstil gestalteten H\u00fctte befinden sich weitere 50 Sitzpl\u00e4tze mit dem gewissen extra Charme. Gerne k\u00f6nnen Sie bei gutem Wetter unter blauem Himmel auf unserer Sonnenterrasse Platz nehmen und den wunderbaren Ausblick [&hellip;]<\/p>\n","protected":false},"author":1,"featured_media":0,"parent":0,"menu_order":0,"comment_status":"closed","ping_status":"closed","template":"","meta":{"footnotes":""},"class_list":["post-8","page","type-page","status-publish","hentry"],"_links":{"self":[{"href":"https:\/\/2024-09-16.schlossberg-regenstauf.com\/index.php?rest_route=\/wp\/v2\/pages\/8","targetHints":{"allow":["GET"]}}],"collection":[{"href":"https:\/\/2024-09-16.schlossberg-regenstauf.com\/index.php?rest_route=\/wp\/v2\/pages"}],"about":[{"href":"https:\/\/2024-09-16.schlossberg-regenstauf.com\/index.php?rest_route=\/wp\/v2\/types\/page"}],"author":[{"embeddable":true,"href":"https:\/\/2024-09-16.schlossberg-regenstauf.com\/index.php?rest_route=\/wp\/v2\/users\/1"}],"replies":[{"embeddable":true,"href":"https:\/\/2024-09-16.schlossberg-regenstauf.com\/index.php?rest_route=%2Fwp%2Fv2%2Fcomments&post=8"}],"version-history":[{"count":5,"href":"https:\/\/2024-09-16.schlossberg-regenstauf.com\/index.php?rest_route=\/wp\/v2\/pages\/8\/revisions"}],"predecessor-version":[{"id":190,"href":"https:\/\/2024-09-16.schlossberg-regenstauf.com\/index.php?rest_route=\/wp\/v2\/pages\/8\/revisions\/190"}],"wp:attachment":[{"href":"https:\/\/2024-09-16.schlossberg-regenstauf.com\/index.php?rest_route=%2Fwp%2Fv2%2Fmedia&parent=8"}],"curies":[{"name":"wp","href":"https:\/\/api.w.org\/{rel}","templated":true}]}}